{"id":4997,"date":"2025-11-11T18:13:47","date_gmt":"2025-11-11T17:13:47","guid":{"rendered":"https:\/\/ogshackco.com\/?post_type=product&#038;p=4997"},"modified":"2026-02-23T11:56:54","modified_gmt":"2026-02-23T10:56:54","slug":"honey-chipotle","status":"publish","type":"product","link":"https:\/\/ogshackco.com\/en\/honey-chipotle\/","title":{"rendered":"HONEY CHIPOTLE"},"content":{"rendered":"<p>The wild side of sweet.<br \/>\nMiel de tomillo local de Co\u00edn, densa y arom\u00e1tica, se mezcla con chipotle seco en<br \/>\nescamas para crear una bomba de sabor ahumado con alma sure\u00f1a. Dulce, pero con<br \/>\ncar\u00e1cter. Suave al principio, intensa al final.<br \/>\nThe result is a sublime balance between sweet, smoky and slightly<br \/>\npicantes. Una experiencia que evoca el calor del sur y la nobleza de los ingredientes de la<br \/>\ntierra.<\/p>\n<p>A PERFECT ALLY FOR\u2026<\/p>\n<p>Carnes &#8211; pizza &#8211; Alitas de pollo &#8211; Quesos &#8211; Helado &#8211; Churros &#8211; Bowls &#8211; Sandwiches &#8211; Boniato &#8211; Verduras &#8211; Ensaladas<\/p>","protected":false},"excerpt":{"rendered":"<p>El lado salvaje del dulce. Miel de tomillo local de Co\u00edn, densa y arom\u00e1tica, se mezcla con chipotle seco en escamas para crear una bomba de sabor ahumado con alma sure\u00f1a. Dulce, pero con car\u00e1cter. Suave al principio, intensa al final. El resultado es un equilibrio sublime entre notas dulces, ahumadas y ligeramente picantes. Una [&hellip;]<\/p>","protected":false},"featured_media":5217,"comment_status":"open","ping_status":"closed","template":"","meta":[],"product_brand":[],"product_cat":[38],"product_tag":[],"class_list":{"0":"post-4997","1":"product","2":"type-product","3":"status-publish","4":"has-post-thumbnail","6":"product_cat-salsas","8":"first","9":"outofstock","10":"taxable","11":"shipping-taxable","12":"purchasable","13":"product-type-variable","14":"has-default-attributes"},"composite_virtual":false,"composite_layout":"","composite_add_to_cart_form_location":"","composite_editable_in_cart":false,"composite_sold_individually_context":"","composite_shop_price_calc":"","composite_components":[],"composite_scenarios":[],"gallery_images":[5194,5252],"jetpack_sharing_enabled":true,"_links":{"self":[{"href":"https:\/\/ogshackco.com\/en\/wp-json\/wp\/v2\/product\/4997","targetHints":{"allow":["GET"]}}],"collection":[{"href":"https:\/\/ogshackco.com\/en\/wp-json\/wp\/v2\/product"}],"about":[{"href":"https:\/\/ogshackco.com\/en\/wp-json\/wp\/v2\/types\/product"}],"replies":[{"embeddable":true,"href":"https:\/\/ogshackco.com\/en\/wp-json\/wp\/v2\/comments?post=4997"}],"wp:featuredmedia":[{"embeddable":true,"href":"https:\/\/ogshackco.com\/en\/wp-json\/wp\/v2\/media\/5217"}],"wp:attachment":[{"href":"https:\/\/ogshackco.com\/en\/wp-json\/wp\/v2\/media?parent=4997"}],"wp:term":[{"taxonomy":"product_brand","embeddable":true,"href":"https:\/\/ogshackco.com\/en\/wp-json\/wp\/v2\/product_brand?post=4997"},{"taxonomy":"product_cat","embeddable":true,"href":"https:\/\/ogshackco.com\/en\/wp-json\/wp\/v2\/product_cat?post=4997"},{"taxonomy":"product_tag","embeddable":true,"href":"https:\/\/ogshackco.com\/en\/wp-json\/wp\/v2\/product_tag?post=4997"}],"curies":[{"name":"wp","href":"https:\/\/api.w.org\/{rel}","templated":true}]}}