{"id":3042,"date":"2025-06-24T12:55:11","date_gmt":"2025-06-24T10:55:11","guid":{"rendered":"https:\/\/ogshackco.com\/?page_id=3042"},"modified":"2025-09-19T20:42:11","modified_gmt":"2025-09-19T18:42:11","slug":"cookie-policy","status":"publish","type":"page","link":"https:\/\/ogshackco.com\/en\/cookie-policy\/","title":{"rendered":"Cookie Policy"},"content":{"rendered":"<div data-elementor-type=\"wp-page\" data-elementor-id=\"3042\" class=\"elementor elementor-3042\" data-elementor-post-type=\"page\">\n\t\t\t\t<div class=\"elementor-element elementor-element-3bfbcfc e-flex e-con-boxed e-con e-parent\" data-id=\"3bfbcfc\" data-element_type=\"container\" data-e-type=\"container\">\n\t\t\t\t\t<div class=\"e-con-inner\">\n\t\t\t\t<div class=\"elementor-element elementor-element-77797ee elementor-widget elementor-widget-text-editor\" data-id=\"77797ee\" data-element_type=\"widget\" data-e-type=\"widget\" data-widget_type=\"text-editor.default\">\n\t\t\t\t<div class=\"elementor-widget-container\">\n\t\t\t\t\t\t\t\t\t<p>COOKIE POLICY<br \/>www.ogshackco.com<br \/>Access to this Website may involve the use of cookies. Cookies are small amounts of information stored in the browser used by each User\u2014on the various devices they may use to browse\u2014so that the server remembers certain information that will later be read only by the server that implemented it. Cookies facilitate browsing, make it more user-friendly, and do not harm the browsing device.<\/p><p>Cookies are automatic procedures for collecting information related to the preferences determined by the User during their visit to the Website in order to recognize them as a User and personalize their experience and use of the Website. They may also, for example, help identify and resolve errors.<\/p><p>The information collected through cookies may include the date and time of visits to the Website, the pages viewed, the time spent on the Website, and the sites visited just before and after the visit. However, no cookie allows the Website to contact the User&#039;s phone number or any other means of personal contact. No cookie can extract information from the User&#039;s hard drive or steal personal information. The only way for the User&#039;s private information to become part of the Cookie file is if the User personally provides that information to the server.<\/p><p>Cookies that allow a person to be identified are considered personal data. Therefore, the Privacy Policy described above will apply to them. In this regard, the User&#039;s consent will be required for their use. This consent will be communicated, based on an authentic choice, offered through an affirmative and positive decision, prior to initial processing, removable, and documented.<\/p><p>Own cookies<br \/>These cookies are sent to the User&#039;s computer or device and managed exclusively by OG Shack Hot Sauces to ensure the Website functions optimally. The information collected is used to improve the quality of the Website and its content, as well as the User&#039;s experience. These cookies allow the User to be recognized as a repeat visitor to the Website and adapt the content to offer content tailored to their preferences.<\/p><p>Social media cookies<br \/>OG Shack Hot Sauces incorporates social media plugins, which allow access to these networks from the Website. For this reason, social media cookies may be stored in the User&#039;s browser. The owners of these social media networks have their own data protection and cookie policies, and are, in each case, responsible for their own files and privacy practices. The User should refer to these social media platforms to learn about these cookies and, where applicable, the processing of their personal data. For informational purposes only, the links where these privacy and\/or cookie policies can be consulted are provided below:<\/p><p>Facebook: https:\/\/www.facebook.com\/policies\/cookies\/<br \/>Twitter: https:\/\/twitter.com\/es\/privacy<br \/>Instagram: https:\/\/help.instagram.com\/1896641480634370?ref=ig<br \/>YouTube: https:\/\/policies.google.com\/privacy?hl=es-419&amp;gl=mx<br \/>Pinterest: https:\/\/policy.pinterest.com\/es\/privacy-policy<br \/>LinkedIn: https:\/\/www.linkedin.com\/legal\/cookie-policy?trk=hp-cookies<br \/>Disable, reject and delete cookies<br \/>The User may disable, reject, and delete cookies\u2014in whole or in part\u2014installed on their device through their browser settings (which include, for example, Chrome, Firefox, Safari, and Explorer). In this regard, the procedures for rejecting and deleting cookies may differ from one Internet browser to another. Therefore, the User should refer to the instructions provided by the Internet browser they are using. If they reject the use of cookies\u2014in whole or in part\u2014they may continue to use the Website, although their use of some of its features may be limited.<\/p><p>This Cookie Policy document was created using the online cookie policy template generator on 11\/02\/2022.<\/p>\t\t\t\t\t\t\t\t<\/div>\n\t\t\t\t<\/div>\n\t\t\t\t\t<\/div>\n\t\t\t\t<\/div>\n\t\t\t\t<\/div>","protected":false},"excerpt":{"rendered":"<p>POL\u00cdTICA DE COOKIESwww.ogshackco.comEl acceso a este Sitio Web puede implicar la utilizaci\u00f3n de cookies. Las cookies son peque\u00f1as cantidades de informaci\u00f3n que se almacenan en el navegador utilizado por cada Usuario \u2014en los distintos dispositivos que pueda utilizar para navegar\u2014 para que el servidor recuerde cierta informaci\u00f3n que posteriormente y \u00fanicamente el servidor que la [&hellip;]<\/p>","protected":false},"author":4,"featured_media":0,"parent":0,"menu_order":0,"comment_status":"closed","ping_status":"closed","template":"","meta":{"footnotes":""},"class_list":["post-3042","page","type-page","status-publish","hentry"],"jetpack_sharing_enabled":true,"_links":{"self":[{"href":"https:\/\/ogshackco.com\/en\/wp-json\/wp\/v2\/pages\/3042","targetHints":{"allow":["GET"]}}],"collection":[{"href":"https:\/\/ogshackco.com\/en\/wp-json\/wp\/v2\/pages"}],"about":[{"href":"https:\/\/ogshackco.com\/en\/wp-json\/wp\/v2\/types\/page"}],"author":[{"embeddable":true,"href":"https:\/\/ogshackco.com\/en\/wp-json\/wp\/v2\/users\/4"}],"replies":[{"embeddable":true,"href":"https:\/\/ogshackco.com\/en\/wp-json\/wp\/v2\/comments?post=3042"}],"version-history":[{"count":7,"href":"https:\/\/ogshackco.com\/en\/wp-json\/wp\/v2\/pages\/3042\/revisions"}],"predecessor-version":[{"id":4238,"href":"https:\/\/ogshackco.com\/en\/wp-json\/wp\/v2\/pages\/3042\/revisions\/4238"}],"wp:attachment":[{"href":"https:\/\/ogshackco.com\/en\/wp-json\/wp\/v2\/media?parent=3042"}],"curies":[{"name":"wp","href":"https:\/\/api.w.org\/{rel}","templated":true}]}}